{"id":6,"date":"2018-05-18T20:39:05","date_gmt":"2018-05-18T18:39:05","guid":{"rendered":"http:\/\/cilius.de\/broxters-wp\/?page_id=6"},"modified":"2024-08-24T10:31:18","modified_gmt":"2024-08-24T08:31:18","slug":"band","status":"publish","type":"page","link":"https:\/\/www.broxters.de\/?page_id=6","title":{"rendered":"Band"},"content":{"rendered":"\n<p>Die BROXTERS rocken eure Party! Handgemachter Rock mit Leidenschaft und eine abwechslungsreiche Songauswahl mit den besten Songs aus den letzten Jahrzehnten bringen eure Party zum kochen. Mit einem ausgewogenen Mix an Rock, Pop und Hard\u2018n\u2018Heavy garantieren die BROXTERS eine  ausgelassene Stimmung bei jeder Veranstaltung.<\/p>\n\n\n\n<p><br>Die BROXTERS aus dem Raum Biedenkopf sind mit S\u00e4ngerin Sarah, S\u00e4nger Bj\u00f6rn, den Gitarristen Steffen und Donnie, Keyboarder Josh sowie Samuel am Bass und Frank am Schlagzeug sieben erfahren Musiker, die in der Summe mittlerweile \u00fcber 100 Jahre B\u00fchnenerfahrung aus verschiedenen Bands mitbringen. Formiert haben sich die BROXTERS im Winter 2017 und mit viel Spielfreude und Begeisterung pr\u00e4sentieren sie ihr Programm mit Songs aus allen Epochen der Musikgeschichte.<\/p>\n\n\n\n<p><\/p>\n\n\n\n<figure class=\"wp-block-table aligncenter is-style-regular\"><table class=\"has-fixed-layout\"><tbody><tr><th><figure><img loading=\"lazy\" decoding=\"async\" class=\"size-medium wp-image-531 aligncenter\" src=\"https:\/\/www.broxters.de\/wp-content\/uploads\/2018\/09\/025-200x300.jpg\" alt=\"\" width=\"200\" height=\"300\" srcset=\"https:\/\/www.broxters.de\/wp-content\/uploads\/2018\/09\/025-200x300.jpg 200w, https:\/\/www.broxters.de\/wp-content\/uploads\/2018\/09\/025.jpg 667w\" sizes=\"auto, (max-width: 200px) 100vw, 200px\" \/><\/figure><center>Sarah<\/center><\/th><th><figure><img loading=\"lazy\" decoding=\"async\" class=\"size-medium wp-image-527 aligncenter\" src=\"https:\/\/www.broxters.de\/wp-content\/uploads\/2018\/09\/Broxters_2018-01-13_27-300x200.jpg\" alt=\"\" width=\"300\" height=\"200\" srcset=\"https:\/\/www.broxters.de\/wp-content\/uploads\/2018\/09\/Broxters_2018-01-13_27-300x200.jpg 300w, https:\/\/www.broxters.de\/wp-content\/uploads\/2018\/09\/Broxters_2018-01-13_27-768x512.jpg 768w, https:\/\/www.broxters.de\/wp-content\/uploads\/2018\/09\/Broxters_2018-01-13_27-1024x683.jpg 1024w, https:\/\/www.broxters.de\/wp-content\/uploads\/2018\/09\/Broxters_2018-01-13_27-420x280.jpg 420w, https:\/\/www.broxters.de\/wp-content\/uploads\/2018\/09\/Broxters_2018-01-13_27-385x257.jpg 385w, https:\/\/www.broxters.de\/wp-content\/uploads\/2018\/09\/Broxters_2018-01-13_27.jpg 2048w\" sizes=\"auto, (max-width: 300px) 100vw, 300px\" \/><\/figure><center>Bj\u00f6rn<\/center><\/th><\/tr><tr><td><figure><img loading=\"lazy\" decoding=\"async\" class=\"size-medium wp-image-258 aligncenter\" src=\"https:\/\/www.broxters.de\/wp-content\/uploads\/2018\/05\/Broxters_2018-01-13_49-200x300.jpg\" alt=\"\" width=\"200\" height=\"300\" srcset=\"https:\/\/www.broxters.de\/wp-content\/uploads\/2018\/05\/Broxters_2018-01-13_49-200x300.jpg 200w, https:\/\/www.broxters.de\/wp-content\/uploads\/2018\/05\/Broxters_2018-01-13_49-768x1152.jpg 768w, https:\/\/www.broxters.de\/wp-content\/uploads\/2018\/05\/Broxters_2018-01-13_49-683x1024.jpg 683w, https:\/\/www.broxters.de\/wp-content\/uploads\/2018\/05\/Broxters_2018-01-13_49.jpg 1365w\" sizes=\"auto, (max-width: 200px) 100vw, 200px\" \/><\/figure><center><strong>Steffen<\/strong><\/center><\/td><td><figure><img loading=\"lazy\" decoding=\"async\" class=\"size-medium wp-image-317 aligncenter\" src=\"https:\/\/www.broxters.de\/wp-content\/uploads\/2023\/08\/IMG-20230810-WA0001.jpg\" alt=\"\" width=\"200\" height=\"300\"><\/figure><center><strong>Donnie<\/strong><\/center><\/td><\/tr><tr><td><figure><img loading=\"lazy\" decoding=\"async\" width=\"200\" height=\"200\" class=\"size-medium wp-image-613 aligncenter\" src=\"https:\/\/www.broxters.de\/wp-content\/uploads\/2023\/01\/IMG-20230128-WA0004.jpg\" alt=\"\"><center><strong>Samuel<\/strong><\/center><\/figure><\/td><td><img loading=\"lazy\" decoding=\"async\" width=\"200\" height=\"300\" class=\"size-medium wp-image-613 aligncenter\" src=\"https:\/\/www.broxters.de\/wp-content\/uploads\/2023\/08\/iwag2n6f.bmp\" alt=\"\"><figure><center><strong>Josh<\/strong><\/center><\/figure><\/td><\/tr><tr><td><\/td><td><figure><img loading=\"lazy\" decoding=\"async\" width=\"300\" height=\"200\" class=\"size-medium wp-image-529\" src=\"https:\/\/www.broxters.de\/wp-content\/uploads\/2018\/09\/018-300x200.jpg\" alt=\"\" srcset=\"https:\/\/www.broxters.de\/wp-content\/uploads\/2018\/09\/018-300x200.jpg 300w, https:\/\/www.broxters.de\/wp-content\/uploads\/2018\/09\/018-768x512.jpg 768w, https:\/\/www.broxters.de\/wp-content\/uploads\/2018\/09\/018-420x280.jpg 420w, https:\/\/www.broxters.de\/wp-content\/uploads\/2018\/09\/018-385x257.jpg 385w, https:\/\/www.broxters.de\/wp-content\/uploads\/2018\/09\/018.jpg 1000w\" sizes=\"auto, (max-width: 300px) 100vw, 300px\" \/><\/figure><center><strong>Frank<\/strong><\/center><\/td><\/tr><\/tbody><\/table><\/figure>\n\n\n\n<h2 class=\"wp-block-heading\">Auszug der Songs:<\/h2>\n\n\n\n<ul class=\"wp-block-list\">\n<li>AC\/DC &#8211; Back in Black<\/li>\n\n\n\n<li>Alanis Morissette &#8211; Ironic<\/li>\n\n\n\n<li>Alanis Morissette &#8211; Oughta know<\/li>\n\n\n\n<li>Anastacia &#8211; Back in black<\/li>\n\n\n\n<li>Black Sabbath &#8211; Paranoid<\/li>\n\n\n\n<li>Bon Jovi &#8211; You give love a bad name<\/li>\n\n\n\n<li>Bon Jovi &#8211; Livin on a Prayer<\/li>\n\n\n\n<li>CCR &#8211; Fortunate son<\/li>\n\n\n\n<li>Deep Purple &#8211; Highwaystar<\/li>\n\n\n\n<li>Doro &#8211; All We Are<\/li>\n\n\n\n<li>Foo Fighters &#8211; Best of you<\/li>\n\n\n\n<li>GreenDay &#8211; Holiday<\/li>\n\n\n\n<li>Guano Apes &#8211; Open your eyes<\/li>\n\n\n\n<li>Guns n Roses &#8211; Paradise City<\/li>\n\n\n\n<li>Halestorm &#8211; Shoot to thrill<\/li>\n\n\n\n<li>Journey &#8211; Don&#8217;t stop Believin<\/li>\n\n\n\n<li>Killers &#8211; Mr. Brightside<\/li>\n\n\n\n<li>Led Zeppelin &#8211; Whole lotta love<\/li>\n\n\n\n<li>Metallica &#8211; Whiskey in the jar<\/li>\n\n\n\n<li>Mot\u00f6rhead &#8211; Sympathy for the devil<\/li>\n\n\n\n<li>Mot\u00f6rhead &#8211; Ace of Spades<\/li>\n\n\n\n<li>Ozzy Osbourne &#8211; Crazy Train<\/li>\n\n\n\n<li>Oasis &#8211; Don&#8217;t Look Back in Anger<\/li>\n\n\n\n<li>Papa Roach &#8211; Last Resort<\/li>\n\n\n\n<li>Pink &#8211; Trouble<\/li>\n\n\n\n<li>Police &#8211; Message in a Bottle<\/li>\n\n\n\n<li>Queen &#8211; I want it all<\/li>\n\n\n\n<li>Rage against the Machine &#8211; Killing in the name of<\/li>\n\n\n\n<li>Scorpions &#8211; Rock you like a hurricane<\/li>\n\n\n\n<li>Skunk Anansie &#8211; Hedonism<\/li>\n\n\n\n<li>The Sweet &#8211; Ballroom Blitz<\/li>\n\n\n\n<li>The Who &#8211; Pinball Wizard<\/li>\n\n\n\n<li>Twisted Sister &#8211; I wanna rock<\/li>\n\n\n\n<li>Van Halen &#8211; Jump<\/li>\n\n\n\n<li>Whitesnake &#8211; Here I go again<\/li>\n<\/ul>\n","protected":false},"excerpt":{"rendered":"<p>Die BROXTERS rocken eure Party! Handgemachter Rock mit Leidenschaft und eine abwechslungsreiche Songauswahl mit den besten Songs aus den letzten Jahrzehnten bringen eure Party zum kochen. Mit einem ausgewogenen Mix an Rock, Pop und Hard\u2018n\u2018Heavy garantieren die BROXTERS eine ausgelassene Stimmung bei jeder Veranstaltung. Die <span class=\"read-more\"><a class=\"more-link btn btn-transparent\" href=\"https:\/\/www.broxters.de\/?page_id=6\">Read More &#8230;<\/a><\/span><\/p>\n","protected":false},"author":1,"featured_media":0,"parent":0,"menu_order":0,"comment_status":"closed","ping_status":"closed","template":"","meta":{"footnotes":""},"class_list":["post-6","page","type-page","status-publish","hentry"],"_links":{"self":[{"href":"https:\/\/www.broxters.de\/index.php?rest_route=\/wp\/v2\/pages\/6","targetHints":{"allow":["GET"]}}],"collection":[{"href":"https:\/\/www.broxters.de\/index.php?rest_route=\/wp\/v2\/pages"}],"about":[{"href":"https:\/\/www.broxters.de\/index.php?rest_route=\/wp\/v2\/types\/page"}],"author":[{"embeddable":true,"href":"https:\/\/www.broxters.de\/index.php?rest_route=\/wp\/v2\/users\/1"}],"replies":[{"embeddable":true,"href":"https:\/\/www.broxters.de\/index.php?rest_route=%2Fwp%2Fv2%2Fcomments&post=6"}],"version-history":[{"count":51,"href":"https:\/\/www.broxters.de\/index.php?rest_route=\/wp\/v2\/pages\/6\/revisions"}],"predecessor-version":[{"id":1012,"href":"https:\/\/www.broxters.de\/index.php?rest_route=\/wp\/v2\/pages\/6\/revisions\/1012"}],"wp:attachment":[{"href":"https:\/\/www.broxters.de\/index.php?rest_route=%2Fwp%2Fv2%2Fmedia&parent=6"}],"curies":[{"name":"wp","href":"https:\/\/api.w.org\/{rel}","templated":true}]}}